{"id":21,"date":"2025-10-08T13:41:54","date_gmt":"2025-10-08T13:41:54","guid":{"rendered":"https:\/\/www.sudouvrages.com\/?page_id=21"},"modified":"2026-04-06T14:27:22","modified_gmt":"2026-04-06T14:27:22","slug":"accueil","status":"publish","type":"page","link":"https:\/\/www.sudouvrages.com\/en\/","title":{"rendered":"Accueil"},"content":{"rendered":"<h1>Artisan du Pixel pour Artisans du R\u00e9el.<\/h1>\n<p>\t\tJe design et d\u00e9veloppe des e-commerce uniques pour des Maisons cr\u00e9atives et de qualit\u00e9.\t\t\t\t\t<\/p>\n<ul>\n<li>\n\t\t\t\t\t\t\t\t\t\tDirection &amp; Architecture Technique\n\t\t\t\t\t\t\t\t\t<\/li>\n<li>\n\t\t\t\t\t\t\t\t\t\tDesign UX \/ UI\n\t\t\t\t\t\t\t\t\t<\/li>\n<li>\n\t\t\t\t\t\t\t\t\t\tStrategie e-commerce &amp; CRO\n\t\t\t\t\t\t\t\t\t<\/li>\n<\/ul>\n<ul>\n<li>\n\t\t\t\t\t\t\t\t\t\tMarketing Ops\n\t\t\t\t\t\t\t\t\t<\/li>\n<li>\n\t\t\t\t\t\t\t\t\t\tAutomatisation\n\t\t\t\t\t\t\t\t\t<\/li>\n<li>\n\t\t\t\t\t\t\t\t\t\tTracking &amp; Data\n\t\t\t\t\t\t\t\t\t<\/li>\n<\/ul>\n<p>\t\t\t\t\t\t\t\t\t\t\t\t<a role=\"button\"><br \/>\n\t\t\t\t\t\t\t\t\tContact me at<br \/>\n\t\t\t\t\t<\/a><\/p>\n<h2>Construisez votre e-commerce avec un partenaire qui comprend votre projet.<\/h2>\n<p>Je travaille quotidiennement avec des cr\u00e9ateurs de produits<\/p>","protected":false},"excerpt":{"rendered":"<p>Artisan du Pixel pour Artisans du R\u00e9el. Je design et d\u00e9veloppe des e-commerce uniques pour des Maisons cr\u00e9atives et de qualit\u00e9. Direction &amp; Architecture Technique Design UX \/ UI Strategie e-commerce &amp; CRO Marketing Ops Automatisation Tracking &amp; Data Contactez-moi Construisez votre e-commerce avec un partenaire qui comprend votre projet. Je travaille quotidiennement avec des [&hellip;]<\/p>\n","protected":false},"author":1,"featured_media":0,"parent":0,"menu_order":0,"comment_status":"closed","ping_status":"closed","template":"","meta":{"_acf_changed":false,"footnotes":""},"class_list":["post-21","page","type-page","status-publish","hentry"],"acf":[],"yoast_head":"<!-- This site is optimized with the Yoast SEO plugin v27.3 - https:\/\/yoast.com\/product\/yoast-seo-wordpress\/ -->\n<title>Accueil - Sud Ouvrages<\/title>\n<meta name=\"robots\" content=\"index, follow, max-snippet:-1, max-image-preview:large, max-video-preview:-1\" \/>\n<link rel=\"canonical\" href=\"https:\/\/www.sudouvrages.com\/en\/\" \/>\n<meta property=\"og:locale\" content=\"en_US\" \/>\n<meta property=\"og:type\" content=\"article\" \/>\n<meta property=\"og:title\" content=\"Accueil - Sud Ouvrages\" \/>\n<meta property=\"og:description\" content=\"Artisan du Pixel pour Artisans du R\u00e9el. Je design et d\u00e9veloppe des e-commerce uniques pour des Maisons cr\u00e9atives et de qualit\u00e9. Direction &amp; Architecture Technique Design UX \/ UI Strategie e-commerce &amp; CRO Marketing Ops Automatisation Tracking &amp; Data Contactez-moi Construisez votre e-commerce avec un partenaire qui comprend votre projet. Je travaille quotidiennement avec des [&hellip;]\" \/>\n<meta property=\"og:url\" content=\"https:\/\/www.sudouvrages.com\/en\/\" \/>\n<meta property=\"og:site_name\" content=\"Sud Ouvrages\" \/>\n<meta property=\"article:modified_time\" content=\"2026-04-06T14:27:22+00:00\" \/>\n<meta name=\"twitter:card\" content=\"summary_large_image\" \/>\n<meta name=\"twitter:label1\" content=\"Est. reading time\" \/>\n\t<meta name=\"twitter:data1\" content=\"1 minute\" \/>\n<script type=\"application\/ld+json\" class=\"yoast-schema-graph\">{\"@context\":\"https:\\\/\\\/schema.org\",\"@graph\":[{\"@type\":\"WebPage\",\"@id\":\"https:\\\/\\\/www.sudouvrages.com\\\/\",\"url\":\"https:\\\/\\\/www.sudouvrages.com\\\/\",\"name\":\"Accueil - Sud Ouvrages\",\"isPartOf\":{\"@id\":\"https:\\\/\\\/www.sudouvrages.com\\\/#website\"},\"datePublished\":\"2025-10-08T13:41:54+00:00\",\"dateModified\":\"2026-04-06T14:27:22+00:00\",\"breadcrumb\":{\"@id\":\"https:\\\/\\\/www.sudouvrages.com\\\/#breadcrumb\"},\"inLanguage\":\"en-US\",\"potentialAction\":[{\"@type\":\"ReadAction\",\"target\":[\"https:\\\/\\\/www.sudouvrages.com\\\/\"]}]},{\"@type\":\"BreadcrumbList\",\"@id\":\"https:\\\/\\\/www.sudouvrages.com\\\/#breadcrumb\",\"itemListElement\":[{\"@type\":\"ListItem\",\"position\":1,\"name\":\"Accueil\",\"item\":\"https:\\\/\\\/www.sudouvrages.com\\\/\"},{\"@type\":\"ListItem\",\"position\":2,\"name\":\"Accueil\"}]},{\"@type\":\"WebSite\",\"@id\":\"https:\\\/\\\/www.sudouvrages.com\\\/#website\",\"url\":\"https:\\\/\\\/www.sudouvrages.com\\\/\",\"name\":\"Sud Ouvrages\",\"description\":\"BTP\",\"publisher\":{\"@id\":\"https:\\\/\\\/www.sudouvrages.com\\\/#organization\"},\"potentialAction\":[{\"@type\":\"SearchAction\",\"target\":{\"@type\":\"EntryPoint\",\"urlTemplate\":\"https:\\\/\\\/www.sudouvrages.com\\\/?s={search_term_string}\"},\"query-input\":{\"@type\":\"PropertyValueSpecification\",\"valueRequired\":true,\"valueName\":\"search_term_string\"}}],\"inLanguage\":\"en-US\"},{\"@type\":\"Organization\",\"@id\":\"https:\\\/\\\/www.sudouvrages.com\\\/#organization\",\"name\":\"Sud Ouvrages\",\"url\":\"https:\\\/\\\/www.sudouvrages.com\\\/\",\"logo\":{\"@type\":\"ImageObject\",\"inLanguage\":\"en-US\",\"@id\":\"https:\\\/\\\/www.sudouvrages.com\\\/#\\\/schema\\\/logo\\\/image\\\/\",\"url\":\"https:\\\/\\\/www.sudouvrages.com\\\/wp-content\\\/uploads\\\/2025\\\/10\\\/complet-large-scaled.png\",\"contentUrl\":\"https:\\\/\\\/www.sudouvrages.com\\\/wp-content\\\/uploads\\\/2025\\\/10\\\/complet-large-scaled.png\",\"width\":2560,\"height\":342,\"caption\":\"Sud Ouvrages\"},\"image\":{\"@id\":\"https:\\\/\\\/www.sudouvrages.com\\\/#\\\/schema\\\/logo\\\/image\\\/\"}}]}<\/script>\n<!-- \/ Yoast SEO plugin. -->","yoast_head_json":{"title":"Accueil - Sud Ouvrages","robots":{"index":"index","follow":"follow","max-snippet":"max-snippet:-1","max-image-preview":"max-image-preview:large","max-video-preview":"max-video-preview:-1"},"canonical":"https:\/\/www.sudouvrages.com\/en\/","og_locale":"en_US","og_type":"article","og_title":"Accueil - Sud Ouvrages","og_description":"Artisan du Pixel pour Artisans du R\u00e9el. Je design et d\u00e9veloppe des e-commerce uniques pour des Maisons cr\u00e9atives et de qualit\u00e9. Direction &amp; Architecture Technique Design UX \/ UI Strategie e-commerce &amp; CRO Marketing Ops Automatisation Tracking &amp; Data Contactez-moi Construisez votre e-commerce avec un partenaire qui comprend votre projet. Je travaille quotidiennement avec des [&hellip;]","og_url":"https:\/\/www.sudouvrages.com\/en\/","og_site_name":"Sud Ouvrages","article_modified_time":"2026-04-06T14:27:22+00:00","twitter_card":"summary_large_image","twitter_misc":{"Est. reading time":"1 minute"},"schema":{"@context":"https:\/\/schema.org","@graph":[{"@type":"WebPage","@id":"https:\/\/www.sudouvrages.com\/","url":"https:\/\/www.sudouvrages.com\/","name":"Accueil - Sud Ouvrages","isPartOf":{"@id":"https:\/\/www.sudouvrages.com\/#website"},"datePublished":"2025-10-08T13:41:54+00:00","dateModified":"2026-04-06T14:27:22+00:00","breadcrumb":{"@id":"https:\/\/www.sudouvrages.com\/#breadcrumb"},"inLanguage":"en-US","potentialAction":[{"@type":"ReadAction","target":["https:\/\/www.sudouvrages.com\/"]}]},{"@type":"BreadcrumbList","@id":"https:\/\/www.sudouvrages.com\/#breadcrumb","itemListElement":[{"@type":"ListItem","position":1,"name":"Accueil","item":"https:\/\/www.sudouvrages.com\/"},{"@type":"ListItem","position":2,"name":"Accueil"}]},{"@type":"WebSite","@id":"https:\/\/www.sudouvrages.com\/#website","url":"https:\/\/www.sudouvrages.com\/","name":"Sud Ouvrages","description":"BTP","publisher":{"@id":"https:\/\/www.sudouvrages.com\/#organization"},"potentialAction":[{"@type":"SearchAction","target":{"@type":"EntryPoint","urlTemplate":"https:\/\/www.sudouvrages.com\/?s={search_term_string}"},"query-input":{"@type":"PropertyValueSpecification","valueRequired":true,"valueName":"search_term_string"}}],"inLanguage":"en-US"},{"@type":"Organization","@id":"https:\/\/www.sudouvrages.com\/#organization","name":"Sud Ouvrages","url":"https:\/\/www.sudouvrages.com\/","logo":{"@type":"ImageObject","inLanguage":"en-US","@id":"https:\/\/www.sudouvrages.com\/#\/schema\/logo\/image\/","url":"https:\/\/www.sudouvrages.com\/wp-content\/uploads\/2025\/10\/complet-large-scaled.png","contentUrl":"https:\/\/www.sudouvrages.com\/wp-content\/uploads\/2025\/10\/complet-large-scaled.png","width":2560,"height":342,"caption":"Sud Ouvrages"},"image":{"@id":"https:\/\/www.sudouvrages.com\/#\/schema\/logo\/image\/"}}]}},"_links":{"self":[{"href":"https:\/\/www.sudouvrages.com\/en\/wp-json\/wp\/v2\/pages\/21","targetHints":{"allow":["GET"]}}],"collection":[{"href":"https:\/\/www.sudouvrages.com\/en\/wp-json\/wp\/v2\/pages"}],"about":[{"href":"https:\/\/www.sudouvrages.com\/en\/wp-json\/wp\/v2\/types\/page"}],"author":[{"embeddable":true,"href":"https:\/\/www.sudouvrages.com\/en\/wp-json\/wp\/v2\/users\/1"}],"replies":[{"embeddable":true,"href":"https:\/\/www.sudouvrages.com\/en\/wp-json\/wp\/v2\/comments?post=21"}],"version-history":[{"count":181,"href":"https:\/\/www.sudouvrages.com\/en\/wp-json\/wp\/v2\/pages\/21\/revisions"}],"predecessor-version":[{"id":723,"href":"https:\/\/www.sudouvrages.com\/en\/wp-json\/wp\/v2\/pages\/21\/revisions\/723"}],"wp:attachment":[{"href":"https:\/\/www.sudouvrages.com\/en\/wp-json\/wp\/v2\/media?parent=21"}],"curies":[{"name":"wp","href":"https:\/\/api.w.org\/{rel}","templated":true}]}}